{"id":590,"date":"2023-12-20T10:09:37","date_gmt":"2023-12-20T09:09:37","guid":{"rendered":"https:\/\/www.postira.art\/?page_id=590"},"modified":"2025-11-02T15:01:15","modified_gmt":"2025-11-02T14:01:15","slug":"informacija","status":"publish","type":"page","link":"https:\/\/www.postira.art\/hr\/informacija\/","title":{"rendered":"Informacija"},"content":{"rendered":"<h2>Loft-Apartment: Apartman uz more, apartman u potkrovlju u Postirama za idealan odmor na pla\u017ei u Hrvatskoj na otoku Bra\u010du<\/h2>\n<h3>Apartman u potkrovlju u Postirama &#8211; privatni apartman uz more za idealan odmor na pla\u017ei na otoku Bra\u010du u Hrvatskoj &#8211; iznajmljuje se direktno bez putni\u010dke agencije<\/h3>\n<p>Apartman se nalazi na adresi Pavi\u0161ica vrtli 24 u Postirima. Do pla\u017ee je oko 300 metara. Postirska riva sa raznim trgovinama, kafi\u0107ima i restoranima udaljena je cca 350 metara od apartmana, a do nje se mo\u017ee do\u0107i udobnom pje\u0161a\u010dkom stazom. U centru mjesta nalazi se i po\u0161ta, razni bankomati, ljekarna i dje\u010dje igrali\u0161te. Apartman mo\u017ee primiti pet osoba, dvoeta\u017ean je i nalazi se na prvom katu ku\u0107e s ukupno sedam apartmana.<\/p>\n<figure id=\"attachment_317\" aria-describedby=\"caption-attachment-317\" style=\"width: 382px\" class=\"wp-caption alignright\"><img loading=\"lazy\" decoding=\"async\" class=\" wp-image-317\" src=\"https:\/\/www.postira.art\/wp-content\/uploads\/2023\/12\/01_Loft-300x244.png\" alt=\"Loft-Apartment Ausblick Balkon\" width=\"382\" height=\"311\" srcset=\"https:\/\/www.postira.art\/wp-content\/uploads\/2023\/12\/01_Loft-300x244.png 300w, https:\/\/www.postira.art\/wp-content\/uploads\/2023\/12\/01_Loft-1024x833.png 1024w, https:\/\/www.postira.art\/wp-content\/uploads\/2023\/12\/01_Loft-768x625.png 768w, https:\/\/www.postira.art\/wp-content\/uploads\/2023\/12\/01_Loft-1536x1250.png 1536w, https:\/\/www.postira.art\/wp-content\/uploads\/2023\/12\/01_Loft.png 1846w\" sizes=\"auto, (max-width: 382px) 100vw, 382px\" \/><figcaption id=\"caption-attachment-317\" class=\"wp-caption-text\"><em>Loft-Apartment Pogled s balkona<\/em><\/figcaption><\/figure>\n<p>U donjem dijelu apartmana je balkon sa garniturom za sjedenje i fantasti\u010dan panoramski pogled na more i mjesto Postira. Na balkonu koji je opremljen tendom na elektri\u010dni pogon mo\u017eete u\u017eivati \u200b\u200bu pogledu na more udaljeno 300 metara. Potpuno opremljena kuhinja (s aparatom za kavu Nespresso za originalne kapsule\/kapsule nisu uklju\u010dene) i dnevni boravak s kau\u010dem na razvla\u010denje tako\u0111er se nalaze u donjem dijelu stana. Na raspolaganju je i televizija (kanali: \u0160vicarska\/Njema\u010dka\/\u010ce\u0161ka\/Hrvatska).<\/p>\n<p>U gornjem dijelu nalaze se dvokrevetna soba, dje\u010dja soba s krevetom na kat i radnim stolom, galerija s&nbsp; jednim krevetom na razvla\u010denje za dvije osobe, te kupaonica s tu\u0161em, WC-om i vlastitom perilicom rublja. Svje\u017ea posteljina i ru\u010dnici za ruke i tu\u0161iranje su na raspolaganju. Ispred ku\u0107e je osiguran parking. Klima ure\u0111aj i internet dostupni su besplatno.<\/p>\n<figure id=\"attachment_2376\" aria-describedby=\"caption-attachment-2376\" style=\"width: 300px\" class=\"wp-caption alignleft\"><img loading=\"lazy\" decoding=\"async\" class=\"size-medium wp-image-2376\" src=\"https:\/\/www.postira.art\/wp-content\/uploads\/2024\/10\/000_Postira_von_oben-300x169.jpeg\" alt=\"Postira_von_oben\" width=\"300\" height=\"169\" srcset=\"https:\/\/www.postira.art\/wp-content\/uploads\/2024\/10\/000_Postira_von_oben-300x169.jpeg 300w, https:\/\/www.postira.art\/wp-content\/uploads\/2024\/10\/000_Postira_von_oben-1024x576.jpeg 1024w, https:\/\/www.postira.art\/wp-content\/uploads\/2024\/10\/000_Postira_von_oben-768x432.jpeg 768w, https:\/\/www.postira.art\/wp-content\/uploads\/2024\/10\/000_Postira_von_oben-1536x864.jpeg 1536w, https:\/\/www.postira.art\/wp-content\/uploads\/2024\/10\/000_Postira_von_oben-2048x1152.jpeg 2048w\" sizes=\"auto, (max-width: 300px) 100vw, 300px\" \/><figcaption id=\"caption-attachment-2376\" class=\"wp-caption-text\"><em>Postira odozgo<\/em><\/figcaption><\/figure>\n<p>Po potrebi se mogu besplatno posuditi dva Stand Up Paddle SUP Breeze all around 9&#8217;0&#8243; na napuhavanje. Minimalno trajanje rezervacije je tjedan dana. Apartman u potkrovlju je stan za nepu\u0161a\u010de i nije pristupa\u010dan za invalidska kolica.<\/p>\n<h1>&nbsp;<\/h1>\n<h1>&nbsp;<\/h1>\n<h1>Grad Postira<\/h1>\n<figure id=\"attachment_2372\" aria-describedby=\"caption-attachment-2372\" style=\"width: 423px\" class=\"wp-caption alignleft\"><img loading=\"lazy\" decoding=\"async\" class=\" wp-image-2372\" src=\"https:\/\/www.postira.art\/wp-content\/uploads\/2024\/10\/000_Postira_mit_Hafen-300x225.jpeg\" alt=\"Hafen von Postira\" width=\"423\" height=\"317\" srcset=\"https:\/\/www.postira.art\/wp-content\/uploads\/2024\/10\/000_Postira_mit_Hafen-300x225.jpeg 300w, https:\/\/www.postira.art\/wp-content\/uploads\/2024\/10\/000_Postira_mit_Hafen-1024x768.jpeg 1024w, https:\/\/www.postira.art\/wp-content\/uploads\/2024\/10\/000_Postira_mit_Hafen-768x576.jpeg 768w, https:\/\/www.postira.art\/wp-content\/uploads\/2024\/10\/000_Postira_mit_Hafen-1536x1152.jpeg 1536w, https:\/\/www.postira.art\/wp-content\/uploads\/2024\/10\/000_Postira_mit_Hafen-2048x1536.jpeg 2048w\" sizes=\"auto, (max-width: 423px) 100vw, 423px\" \/><figcaption id=\"caption-attachment-2372\" class=\"wp-caption-text\"><em>Luka Postira<\/em><\/figcaption><\/figure>\n<p class=\"p1\">Smje\u0161ten u mjestu Postira na sjevernoj obali otoka Bra\u010da, nasuprot grada Splita u sun\u010danoj Dalmaciji, apartman nudi tjedni ili du\u017ei boravak tijekom cijele godine. Postira, malo mjesto s oko 1000 stanovnika, po mnogo\u010demu je jedinstveno,a posebno po svojim pla\u017eama. Malo se koje mjesto mo\u017ee pohvaliti tolikim brojem raznovrsnih, ure\u0111enih i pristupa\u010dnih pla\u017ea, koje mogu zadovoljiti najrazli\u010ditije \u017eelje. U samom mjestu nalaze se tri \u0161ljun\u010dane i jedna pje\u0161\u010dana pla\u017ea. Izvan mjesta, nekoliko kilometara uz morsku \u0161etnicu, nalazi se nekoliko prekrasnih <a href=\"https:\/\/www.postira.hr\/plaze\/\" target=\"_blank\" rel=\"noopener\">osamljenih pla\u017ea<\/a>, te na kraju uvala Lovre\u010dina, sa ostacima ranokr\u0161\u010danske crkve, te \u010darobnom pje\u0161\u010danom pla\u017eom i restoranom.Osim pla\u017ea,oko Postira postoje mnogobrojne biciklisti\u010dke i pje\u0161a\u010dke staze, a u mjestu se nalazi centar s raznim sportskim mogu\u0107nostima (tenis, nogomet, odbojka). U Postirama je mogu\u0107e iznajmiti bicikle, quadove ili kanue. Jedna od najpoznatijih pla\u017ea na Jadranu , Zlatni rat, nalazi se na ju\u017enoj strani otoka, u slikovitom mjestu Bol udaljenom oko 20 km od Postira. Poznata marina u Milni, najvi\u0161i vrh jadranskih otoka Vidova Gora (778 m nadmorske visine) i kameni srednjovjekovni samostan Blaca ostale su atrakcije na otoku. Ostale vrijedne informacije mo\u017eete prona\u0107i na www.opcina-postira.hr\/.<\/p>\n<div id=\"attachment_155\" class=\"wp-caption alignnone\" style=\"width: 431px;\">\n<h1>Otok Bra\u010d<\/h1>\n<\/div>\n<p>Otok Bra\u010d ima povr\u0161inu od oko 395 km\u00b2, tre\u0107i je po veli\u010dini hrvatski otok i nalazi se u sredi\u0161njem dijelu Dalmacije. Najvi\u0161a to\u010dka na otoku je Vidova gora sa 778 metara nadmorske visine, \u0161to je ujedno i najvi\u0161a to\u010dka hrvatskih otoka. Na Bra\u010du \u017eivi oko 13.000 stanovnika, u Supetru, Milni, Bolu, Postirama, Pu\u010di\u0161\u0107ima, Povljima i jo\u0161 nekoliko manjih mjesta. Glavni izvor prihoda stanovni\u0161tva je turizam, ali i ribarstvo te vinogradarstvo, sto\u010darstvo i maslinarstvo.<\/p>\n<div id=\"attachment_155\" class=\"wp-caption alignright\" style=\"width: 826px;\">\n<div id=\"attachment_159\" class=\"wp-caption alignleft\" style=\"width: 476px;\">\n<figure id=\"attachment_2384\" aria-describedby=\"caption-attachment-2384\" style=\"width: 463px\" class=\"wp-caption aligncenter\"><img loading=\"lazy\" decoding=\"async\" class=\" wp-image-2384\" src=\"https:\/\/www.postira.art\/wp-content\/uploads\/2024\/10\/000_Slatni_rat_von_Vodova_Gora-300x169.jpeg\" alt=\"Ausblick von Vidova Gora zum Slatni rat_\" width=\"463\" height=\"261\" srcset=\"https:\/\/www.postira.art\/wp-content\/uploads\/2024\/10\/000_Slatni_rat_von_Vodova_Gora-300x169.jpeg 300w, https:\/\/www.postira.art\/wp-content\/uploads\/2024\/10\/000_Slatni_rat_von_Vodova_Gora-1024x576.jpeg 1024w, https:\/\/www.postira.art\/wp-content\/uploads\/2024\/10\/000_Slatni_rat_von_Vodova_Gora-768x432.jpeg 768w, https:\/\/www.postira.art\/wp-content\/uploads\/2024\/10\/000_Slatni_rat_von_Vodova_Gora-1536x864.jpeg 1536w, https:\/\/www.postira.art\/wp-content\/uploads\/2024\/10\/000_Slatni_rat_von_Vodova_Gora-2048x1152.jpeg 2048w\" sizes=\"auto, (max-width: 463px) 100vw, 463px\" \/><figcaption id=\"caption-attachment-2384\" class=\"wp-caption-text\"><em>Pogled s Vidove gore na Slatni rat<\/em><\/figcaption><\/figure>\n<\/div>\n<p class=\"p1\">Najljep\u0161i su vinogradi na ju\u017enim padinama otoka, nedaleko od Bola. Ovdje se uzgaja poznato vino Bolski plavac. Mjesta Bol, Splitska, Postira, Pu\u010di\u0161\u0107a, Povlja, \u0160krip i Supetar vrlo su popularna me\u0111u turistima. Bra\u010d ima ukupno oko 170 km pla\u017ea.Otok Bra\u010d ima i zra\u010dnu luku,oko 10 km udaljenu od Bola.<\/p>\n<p class=\"p1\">Otok Bra\u010d poznat je po kvalitetnom kamenu. Ve\u0107 su Rimljani cijenili kvalitetubra\u010dkog kamena. Bra\u010dki kamen kori\u0161ten je za izgradnju mnogih objekata kao \u0161to su amfiteatri, hramovi i pala\u010de. Kori\u0161ten je primjerice, u gradnji Dioklecijanove pala\u010de u Splitu, sakralnih objekata u \u0160ibeniku i Trogiru, pa \u010dak i u izgradnji Bijele ku\u0107e u Washingtonu. Na Bra\u010du se nalazi i velik broj ostataka ranokr\u0161\u0107anskih i starohrvatskih crkava. Me\u0111utim, oni se uglavnom nalaze na te\u017ee pristupa\u010dnim mjestima, do kojih se mo\u017ee do\u0107i samo pje\u0161ice. Za nauti\u010dare postoji velika ACI marina u Milni, te tako\u0111er manji broj vezova u ostalim priobalnim mjestima.<\/p>\n<\/div>\n<h1>Hrvatska<\/h1>\n<p class=\"p1\">Krajolici vrijedni divljenja, kuhinja puna mirisa i okusa, kultura i povijest koja \u0107e vas odu\u0161eviti, ljudi kojih \u0107ete se rado sje\u0107ati. Hrvatska je puno vi\u0161e od imena, ta je zemlja jedno od najpo\u017eeljnijih mjesta na svijetu. Kraljevstvo vode, riznica nacionalnih parkova i svje\u017eeg zraka, snaga zelenila, najljep\u0161i<\/p>\n<figure id=\"attachment_2399\" aria-describedby=\"caption-attachment-2399\" style=\"width: 412px\" class=\"wp-caption alignright\"><img loading=\"lazy\" decoding=\"async\" class=\" wp-image-2399\" src=\"https:\/\/www.postira.art\/wp-content\/uploads\/2024\/10\/IMG_5032-300x169.jpeg\" alt=\"Platz der Republik Split\" width=\"412\" height=\"232\" srcset=\"https:\/\/www.postira.art\/wp-content\/uploads\/2024\/10\/IMG_5032-300x169.jpeg 300w, https:\/\/www.postira.art\/wp-content\/uploads\/2024\/10\/IMG_5032-1024x576.jpeg 1024w, https:\/\/www.postira.art\/wp-content\/uploads\/2024\/10\/IMG_5032-768x432.jpeg 768w, https:\/\/www.postira.art\/wp-content\/uploads\/2024\/10\/IMG_5032-1536x864.jpeg 1536w, https:\/\/www.postira.art\/wp-content\/uploads\/2024\/10\/IMG_5032-2048x1152.jpeg 2048w\" sizes=\"auto, (max-width: 412px) 100vw, 412px\" \/><figcaption id=\"caption-attachment-2399\" class=\"wp-caption-text\"><em>Trg Republike Split<\/em><\/figcaption><\/figure>\n<p class=\"p1\">zalasci sunca, stotine prekrasnih otoka, prostranstvo zlatnih ravnica, jedinstvena i puna \u017eivota. Ako \u017eelite pobje\u0107i od svakodnevice, ova prekrasna zemlja je pravo mjesto za to. Avanturu mo\u017eete prona\u0107i u visokim planinama, sklad i spokoj u tihim morskim uvalama, inspiraciju u stoljetnim pri\u010dama i osmijehe na ulicama gradova.<\/p>\n<p class=\"p1\">Hrvatsku povijest mo\u017eete otkriti tijekom \u0161etnje veli\u010danstvenim dubrova\u010dkim zidinama ili \u0161etnjom Dioklecianovom pala\u010dom u Splitu. Otkrijte \u010darobne krajolikei slapove Plitvi\u010dkih jezera, kamenu poeziju Kornatskog oto\u010dja i umjetni\u010dku ljepotu Zlatnog rata. Mediteran nudi \u017eivahne gradove, kristalno more i borove \u0161ume. Planine ustupaju mjesto divljim rijekama, a energi\u010dan urbani \u017eivot u skladu je s prirodom koja ga okru\u017euje.<\/p>\n<h1 class=\"p1\"><b>Kako do\u0107i<\/b><\/h1>\n<h2>Avionom<\/h2>\n<p class=\"p1\">Iz Zra\u010dne luke Split-Ka\u0161tela autobusi voze izravno do trajektne luke. Plovidba trajektom do luke Supetar traje 50 minuta. Karte za trajekt su dostupne na <a href=\"http:\/\/www.Jadrolinija.hr\">www.jadrolinija.hr<\/a>. Od Supetra do Postira ima osam kilometara. Taksi je uvijek dostupan, a redovni autobusi voze redovito do Postira.<\/p>\n<h2>Automobilom<\/h2>\n<p class=\"p1\">Ruta iz \u010ce\u0161ke vodi preko Bratislave, Szombathelya, Letenye (hrvatska granica), Zagreba do Splita (autocesta A1). U Splitu lokalni znakovi vode do trajektne luke. U Slova\u010dkoj i Ma\u0111arskoj obavezne su vinjete za autoceste. U Hrvatskoj jo\u0161 uvijek postoje naplatne ku\u0107ice na autocestama. Digitalna e-vinjeta planira se od 2024. godine. Aktualne informacije dostupne su ovdje.<\/p>\n<p class=\"p1\">Ruta iz \u0160vicarske vodi kroz tunel Gotthard do Milana, Verone, Venecije, Trsta i dalje do granice sa Slovenijom. Nakon 30-tak kilometara seoske ceste (bez vinjete) dolazi granica s Hrvatskom. Zatim preko Zagreba do Splita (autocesta A1). U Splitu putokazi vode do trajektne luke.<\/p>\n<p>Alternativna ruta iz \u0160vicarske do Postira vodi kroz tunel Gotthard, a zatim prema jugu u Italiju. U Anconi se ukrcajte na no\u0107ni <a href=\"https:\/\/www.snav.it\/de\/destinazioni\/croazia\/ancona-spalato\">trajekt iz Ancone za Split<\/a>. Iz Splita se ukrcajte na drugi <a href=\"https:\/\/www.jadrolinija.hr\/en\/travel\/split_-_supetar_brac\">trajekt za Supetar<\/a>, a zatim je do Postira 10 minuta vo\u017enje.<\/p>\n<p class=\"p1\">U Italiji i Hrvatskoj naplatna mjesta za cestarinu nalaze se izravno na autocesti. Digitalna e-vinjeta planirana je za Hrvatsku od 2024. godine. Aktualne informacije dostupne su ovdje.<\/p>\n<p>Prijelaz do luke Supetar traje 50 minuta. Ulaznice su dostupne u <a href=\"https:\/\/www.jadrolinija.hr\/de\/startseite\" target=\"_blank\" rel=\"noopener\">Jadrolinija<\/a>. <a href=\"https:\/\/www.postira.art\/wp-content\/uploads\/2025\/01\/Fahrplan_2025_Supetar_Split.pdf\">Fahrplan_2025_Supetar_Split<\/a><\/p>\n<h2><strong>Korisni linkovi<\/strong><\/h2>\n<p><a href=\"https:\/\/www.opcina-postira.hr\/\" target=\"_blank\" rel=\"noopener\">Grad Postira<br \/>\n<\/a><a href=\"https:\/\/www.postira.hr\/\" target=\"_blank\" rel=\"noopener\">Tourismus Postira<\/a><br \/>\n<a href=\"https:\/\/www.postira.hr\/plaze\/\" target=\"_blank\" rel=\"noopener\">Pla\u017ee u Postirama<\/a><br \/>\n<a href=\"https:\/\/www.jadrolinija.hr\/de\/startseite\" target=\"_blank\" rel=\"noopener\">Trajekt Jadrolinija <\/a>(Split-Supetar-Split)<a href=\"https:\/\/www.postira.hr\/\"><br \/>\n<\/a><a href=\"https:\/\/www.arriva.com.hr\/de-de\/dalmatien\/supetar\" target=\"_blank\" rel=\"noopener\">raspored autobusa <\/a>(Supetar \u2013 Postira \u2013 Supetar)<br \/>\n<a href=\"https:\/\/www.dalmatia-bike.com\/\">Dalmatia-Bike<\/a> (Biciklisti\u010dke ture i vi\u0161e&#8230;)<br \/>\n<a href=\"https:\/\/plac.upoznajmo.hr\/opg-krunoslav-matulic\/\" target=\"_blank\" rel=\"noopener\">Krunoslav Matuli\u010d <\/a>(Susjed, maslinovo ulje, povr\u0107e, vo\u0107e)<a href=\"https:\/\/www.postira.hr\/\"><br \/>\n<\/a><a href=\"https:\/\/www.toni-dol.info\/Lde\/T_de.html\" target=\"_blank\" rel=\"noopener\">Konoba Toni Dol<\/a> (tradicionalni obiteljski restoran s finom hranom)<a href=\"https:\/\/www.postira.hr\/\"><br \/>\n<\/a><a href=\"https:\/\/www.zlatniratbol.com\/en\/\" target=\"_blank\" rel=\"noopener\">Zlatni rat Bol<\/a><br \/>\n<a href=\"https:\/\/klesarskaskola.hr\/\" target=\"_blank\" rel=\"noopener\">Klesarska \u0161kola Pu\u010di\u0161\u0107a<br \/>\n<\/a><a href=\"https:\/\/www.kroati.de\/kroatien-dalmatien\/postira.html\">kroati.de<\/a> Informatija Bra\u010d \u2013 Postira&nbsp;<a href=\"https:\/\/www.postira.hr\/\"><br \/>\n<\/a><a href=\"https:\/\/www.split-airport.hr\/\" target=\"_blank\" rel=\"noopener\">Split Airport Split-Ka\u0161tela<\/a><a href=\"https:\/\/www.postira.hr\/\"><br \/>\n<\/a><a href=\"https:\/\/www.airport-brac.hr\/\">Flughafen Bra\u010d<\/a><a href=\"https:\/\/www.postira.hr\/\"><br \/>\n<\/a><a href=\"https:\/\/www.hac.hr\/en\">Autobahn Kroatien<\/a><\/p>\n","protected":false},"excerpt":{"rendered":"<p>Loft-Apartment: Apartman uz more, apartman u potkrovlju u Postirama za idealan odmor na pla\u017ei u Hrvatskoj na otoku Bra\u010du Apartman u potkrovlju u Postirama &#8211; privatni apartman uz more za idealan odmor na pla\u017ei na otoku Bra\u010du u Hrvatskoj &#8211; iznajmljuje se direktno bez putni\u010dke agencije Apartman se nalazi na adresi Pavi\u0161ica vrtli 24 u&hellip;&nbsp;<\/p>\n","protected":false},"author":2,"featured_media":0,"parent":0,"menu_order":0,"comment_status":"closed","ping_status":"closed","template":"","meta":{"neve_meta_sidebar":"","neve_meta_container":"","neve_meta_enable_content_width":"off","neve_meta_content_width":100,"neve_meta_title_alignment":"","neve_meta_author_avatar":"","neve_post_elements_order":"","neve_meta_disable_header":"","neve_meta_disable_footer":"","neve_meta_disable_title":"","ngg_post_thumbnail":0,"footnotes":""},"class_list":["post-590","page","type-page","status-publish","hentry"],"_links":{"self":[{"href":"https:\/\/www.postira.art\/hr\/wp-json\/wp\/v2\/pages\/590","targetHints":{"allow":["GET"]}}],"collection":[{"href":"https:\/\/www.postira.art\/hr\/wp-json\/wp\/v2\/pages"}],"about":[{"href":"https:\/\/www.postira.art\/hr\/wp-json\/wp\/v2\/types\/page"}],"author":[{"embeddable":true,"href":"https:\/\/www.postira.art\/hr\/wp-json\/wp\/v2\/users\/2"}],"replies":[{"embeddable":true,"href":"https:\/\/www.postira.art\/hr\/wp-json\/wp\/v2\/comments?post=590"}],"version-history":[{"count":28,"href":"https:\/\/www.postira.art\/hr\/wp-json\/wp\/v2\/pages\/590\/revisions"}],"predecessor-version":[{"id":3338,"href":"https:\/\/www.postira.art\/hr\/wp-json\/wp\/v2\/pages\/590\/revisions\/3338"}],"wp:attachment":[{"href":"https:\/\/www.postira.art\/hr\/wp-json\/wp\/v2\/media?parent=590"}],"curies":[{"name":"wp","href":"https:\/\/api.w.org\/{rel}","templated":true}]}}