{"id":44,"date":"2023-11-09T20:14:32","date_gmt":"2023-11-09T19:14:32","guid":{"rendered":"http:\/\/bppmbrvqnr.cyon.link\/index.php\/galerija\/"},"modified":"2025-04-15T17:14:29","modified_gmt":"2025-04-15T15:14:29","slug":"galerija","status":"publish","type":"page","link":"https:\/\/www.postira.art\/hr\/galerija\/","title":{"rendered":"Fotogalerija"},"content":{"rendered":"<h2>Loft-Apartment Postira Bra\u010d Chorvatsko<\/h2>\n<h3>Dovolen\u00e1 Chorvatsko &#8211; dovolen\u00e1 u mo\u0159e Chorvatsko &#8211; Chorvatsko byt u mo\u0159e &#8211; Chorvatsko ubytov\u00e1n\u00ed v soukrom\u00ed &#8211; rezervujte p\u0159\u00edmo bez cestovn\u00ed kancel\u00e1\u0159e &#8211; ubytov\u00e1n\u00ed v soukrom\u00ed u mo\u0159e<\/h3>\n<p>Fotogalerie podkrovn\u00edho bytu v Posti\u0159e, ide\u00e1ln\u00edho rekrea\u010dn\u00edho bytu u mo\u0159e pro va\u0161i p\u0159\u00ed\u0161t\u00ed dovolenou v Chorvatsku. Apartm\u00e1n vhodn\u00fd pro d\u011bti pro pohodovou dovolenou u mo\u0159e s rodinou. Rezervujte p\u0159\u00edmo zde bez cestovn\u00ed kancel\u00e1\u0159e<br \/>\nngg_shortcode_0_placeholder<\/p>\n<p class=\"p1\">&nbsp;<\/p>\n","protected":false},"excerpt":{"rendered":"<p>Loft-Apartment Postira Bra\u010d Chorvatsko Dovolen\u00e1 Chorvatsko &#8211; dovolen\u00e1 u mo\u0159e Chorvatsko &#8211; Chorvatsko byt u mo\u0159e &#8211; Chorvatsko ubytov\u00e1n\u00ed v soukrom\u00ed &#8211; rezervujte p\u0159\u00edmo bez cestovn\u00ed kancel\u00e1\u0159e &#8211; ubytov\u00e1n\u00ed v soukrom\u00ed u mo\u0159e Fotogalerie podkrovn\u00edho bytu v Posti\u0159e, ide\u00e1ln\u00edho rekrea\u010dn\u00edho bytu u mo\u0159e pro va\u0161i p\u0159\u00ed\u0161t\u00ed dovolenou v Chorvatsku. Apartm\u00e1n vhodn\u00fd pro d\u011bti pro pohodovou&hellip;&nbsp;<\/p>\n","protected":false},"author":1,"featured_media":0,"parent":0,"menu_order":0,"comment_status":"closed","ping_status":"closed","template":"","meta":{"neve_meta_sidebar":"","neve_meta_container":"","neve_meta_enable_content_width":"off","neve_meta_content_width":100,"neve_meta_title_alignment":"","neve_meta_author_avatar":"","neve_post_elements_order":"","neve_meta_disable_header":"","neve_meta_disable_footer":"","neve_meta_disable_title":"","ngg_post_thumbnail":0,"footnotes":""},"class_list":["post-44","page","type-page","status-publish","hentry"],"_links":{"self":[{"href":"https:\/\/www.postira.art\/hr\/wp-json\/wp\/v2\/pages\/44","targetHints":{"allow":["GET"]}}],"collection":[{"href":"https:\/\/www.postira.art\/hr\/wp-json\/wp\/v2\/pages"}],"about":[{"href":"https:\/\/www.postira.art\/hr\/wp-json\/wp\/v2\/types\/page"}],"author":[{"embeddable":true,"href":"https:\/\/www.postira.art\/hr\/wp-json\/wp\/v2\/users\/1"}],"replies":[{"embeddable":true,"href":"https:\/\/www.postira.art\/hr\/wp-json\/wp\/v2\/comments?post=44"}],"version-history":[{"count":5,"href":"https:\/\/www.postira.art\/hr\/wp-json\/wp\/v2\/pages\/44\/revisions"}],"predecessor-version":[{"id":2740,"href":"https:\/\/www.postira.art\/hr\/wp-json\/wp\/v2\/pages\/44\/revisions\/2740"}],"wp:attachment":[{"href":"https:\/\/www.postira.art\/hr\/wp-json\/wp\/v2\/media?parent=44"}],"curies":[{"name":"wp","href":"https:\/\/api.w.org\/{rel}","templated":true}]}}