{"id":30,"date":"2023-11-09T20:13:10","date_gmt":"2023-11-09T19:13:10","guid":{"rendered":"http:\/\/bppmbrvqnr.cyon.link\/index.php\/home\/"},"modified":"2025-04-12T02:12:51","modified_gmt":"2025-04-12T00:12:51","slug":"home-loft-apartment","status":"publish","type":"page","link":"https:\/\/www.postira.art\/hr\/","title":{"rendered":"Home Loft-Apartment"},"content":{"rendered":"<p><!--<i class=\"fa fa-wifi fa-5x\" aria-hidden=\"true\"><span data-mce-type=\"bookmark\" style=\"display: inline-block; width: 0px; overflow: hidden; line-height: 0;\" class=\"mce_SELRES_start\"><\/span><span data-mce-type=\"bookmark\" style=\"display: inline-block; width: 0px; overflow: hidden; line-height: 0;\" class=\"mce_SELRES_start\"><\/span><span data-mce-type=\"bookmark\" style=\"display: inline-block; width: 0px; overflow: hidden; line-height: 0;\" class=\"mce_SELRES_start\"><\/span><span data-mce-type=\"bookmark\" style=\"display: inline-block; width: 0px; overflow: hidden; line-height: 0;\" class=\"mce_SELRES_start\"><\/span><span data-mce-type=\"bookmark\" style=\"display: inline-block; width: 0px; overflow: hidden; line-height: 0;\" class=\"mce_SELRES_start\"><\/span><\/i> <i class=\"fa fa-television fa-5x\" aria-hidden=\"true\"><\/i> <i class=\"fa-solid fa-air-conditioner fa-5x\"><\/i> <i class=\"fa-solid fa-kitchen-set fa-5x\"><\/i> <i class=\"fa-solid fa-ban-smoking fa-5x\"><\/i> <i class=\"fa-solid fa-square-parking fa-5x\"><\/i>--><\/p>\n<h2 class=\"p1\">Croatia vacation &#8211; Croatia beach vacation &#8211; Croatia apartment by the sea &#8211; Croatia private accommodation &#8211; book directly without travel agency<\/h2>\n<p class=\"p1\">Do sredi\u0161ta Postira sa slikovitom \u0161etnicom Riva, raznim trgovinama, kafi\u0107ima i raznovrsnim restoranima udaljeno je oko 350 metara ugodne \u0161etnje. Idealno mjesto za provesti va\u0161 sljede\u0107i odmor u Hrvatskoj uz more u privatnom smje\u0161taju uz more. Vi\u0161e informacija o apartmanu u potkrovlju s potpuno opremljenom kuhinjom (sa zamrziva\u010dem i hladnjakom), besplatnim pristupom internetu (WiFi), TV-om, besplatnom perilicom rublja i besplatnim parkirnim mjestom mo\u017eete prona\u0107i <a href=\"https:\/\/www.postira.art\/hr\/informacija\/\">ovdje<\/a>.<\/p>\nngg_shortcode_0_placeholder\n<p style=\"padding-left: 80px;\"><iframe loading=\"lazy\" style=\"border: 0;\" src=\"https:\/\/www.google.com\/maps\/embed?pb=!1m16!1m12!1m3!1d1450.0215841492532!2d16.63184925850555!3d43.376121412734435!2m3!1f0!2f0!3f0!3m2!1i1024!2i768!4f13.1!2m1!1sloft-apartment%20postira!5e0!3m2!1sde!2scz!4v1703280675414!5m2!1sde!2scz\" width=\"980\" height=\"400\" allowfullscreen=\"allowfullscreen\"><\/iframe><\/p>\n<p style=\"text-align: center;\">&nbsp;<\/p>\n<p><img loading=\"lazy\" decoding=\"async\" class=\"alignnone wp-image-1478 aligncenter\" src=\"https:\/\/www.postira.art\/wp-content\/uploads\/2024\/03\/Bildschirmfoto-2024-03-20-um-23.03.16-300x41.png\" alt=\"\" width=\"454\" height=\"62\"><\/p>\n","protected":false},"excerpt":{"rendered":"<p>Croatia vacation &#8211; Croatia beach vacation &#8211; Croatia apartment by the sea &#8211; Croatia private accommodation &#8211; book directly without travel agency Do sredi\u0161ta Postira sa slikovitom \u0161etnicom Riva, raznim trgovinama, kafi\u0107ima i raznovrsnim restoranima udaljeno je oko 350 metara ugodne \u0161etnje. Idealno mjesto za provesti va\u0161 sljede\u0107i odmor u Hrvatskoj uz more u privatnom&hellip;&nbsp;<\/p>\n","protected":false},"author":2,"featured_media":0,"parent":0,"menu_order":0,"comment_status":"closed","ping_status":"closed","template":"","meta":{"neve_meta_sidebar":"","neve_meta_container":"","neve_meta_enable_content_width":"off","neve_meta_content_width":100,"neve_meta_title_alignment":"","neve_meta_author_avatar":"","neve_post_elements_order":"","neve_meta_disable_header":"","neve_meta_disable_footer":"","neve_meta_disable_title":"on","ngg_post_thumbnail":0,"footnotes":""},"class_list":["post-30","page","type-page","status-publish","hentry"],"_links":{"self":[{"href":"https:\/\/www.postira.art\/hr\/wp-json\/wp\/v2\/pages\/30","targetHints":{"allow":["GET"]}}],"collection":[{"href":"https:\/\/www.postira.art\/hr\/wp-json\/wp\/v2\/pages"}],"about":[{"href":"https:\/\/www.postira.art\/hr\/wp-json\/wp\/v2\/types\/page"}],"author":[{"embeddable":true,"href":"https:\/\/www.postira.art\/hr\/wp-json\/wp\/v2\/users\/2"}],"replies":[{"embeddable":true,"href":"https:\/\/www.postira.art\/hr\/wp-json\/wp\/v2\/comments?post=30"}],"version-history":[{"count":15,"href":"https:\/\/www.postira.art\/hr\/wp-json\/wp\/v2\/pages\/30\/revisions"}],"predecessor-version":[{"id":2729,"href":"https:\/\/www.postira.art\/hr\/wp-json\/wp\/v2\/pages\/30\/revisions\/2729"}],"wp:attachment":[{"href":"https:\/\/www.postira.art\/hr\/wp-json\/wp\/v2\/media?parent=30"}],"curies":[{"name":"wp","href":"https:\/\/api.w.org\/{rel}","templated":true}]}}