{"id":1711,"date":"2024-03-29T21:24:08","date_gmt":"2024-03-29T20:24:08","guid":{"rendered":"https:\/\/www.postira.art\/?page_id=1711"},"modified":"2024-07-23T23:35:53","modified_gmt":"2024-07-23T21:35:53","slug":"kontakt","status":"publish","type":"page","link":"https:\/\/www.postira.art\/hr\/kontakt\/","title":{"rendered":"Kontakt"},"content":{"rendered":"<h3>Upit za rezervaciju apartmana u potkrovlju, idealnog apartmana za odmor uz more, blizu pla\u017ee u Hrvatskoj. Idealno mjesto za va\u0161 sljede\u0107i odmor na pla\u017ei u Hrvatskoj!<\/h3>\n<table class=\"wp-list-table widefat fixed striped table-view-list forms\">\n<tbody id=\"the-list\" data-wp-lists=\"list:form\">\n<tr>\n<td class=\"shortcode column-shortcode\" data-colname=\"Shortcode\"><style id=\"wpforms-css-vars-1713\">\n\t\t\t\t#wpforms-1713 {\n\t\t\t\t\n\t\t\t}\n\t\t\t<\/style><div class=\"wpforms-container wpforms-container-full wpforms-render-modern\" id=\"wpforms-1713\"><form id=\"wpforms-form-1713\" class=\"wpforms-validate wpforms-form wpforms-ajax-form\" data-formid=\"1713\" method=\"post\" enctype=\"multipart\/form-data\" action=\"\/hr\/wp-json\/wp\/v2\/pages\/1711\" data-token=\"e6755c2e1ffc16a66bb5f6f48c7019d5\" data-token-time=\"1776859112\"><noscript class=\"wpforms-error-noscript\">Please enable JavaScript in your browser to complete this form.<\/noscript><div id=\"wpforms-error-noscript\" style=\"display: none;\">Please enable JavaScript in your browser to complete this form.<\/div><div class=\"wpforms-field-container\"><div id=\"wpforms-1713-field_5-container\" class=\"wpforms-field wpforms-field-text\" data-field-id=\"5\"><label class=\"wpforms-field-label\" for=\"wpforms-1713-field_5\">Razlog zahtjeva za rezervaciju Loft-Apartment Postira <span class=\"wpforms-required-label\" aria-hidden=\"true\">*<\/span><\/label><input type=\"text\" id=\"wpforms-1713-field_5\" class=\"wpforms-field-medium wpforms-field-required\" name=\"wpforms[fields][5]\" aria-errormessage=\"wpforms-1713-field_5-error\" required><\/div><div id=\"wpforms-1713-field_0-container\" class=\"wpforms-field wpforms-field-name\" data-field-id=\"0\"><label class=\"wpforms-field-label\" for=\"wpforms-1713-field_0\">Prezime i ime <span class=\"wpforms-required-label\" aria-hidden=\"true\">*<\/span><\/label><input type=\"text\" id=\"wpforms-1713-field_0\" class=\"wpforms-field-medium wpforms-field-required\" name=\"wpforms[fields][0]\" aria-errormessage=\"wpforms-1713-field_0-error\" required><\/div><div id=\"wpforms-1713-field_9-container\" class=\"wpforms-field wpforms-field-text\" data-field-id=\"9\"><label class=\"wpforms-field-label\" for=\"wpforms-1713-field_9\">Ku\u0107na adresa \/ po\u0161tanski broj \/ mjesto stanovanja \/ dr\u017eava <span class=\"wpforms-required-label\" aria-hidden=\"true\">*<\/span><\/label><input type=\"text\" id=\"wpforms-1713-field_9\" class=\"wpforms-field-medium wpforms-field-required\" name=\"wpforms[fields][9]\" aria-errormessage=\"wpforms-1713-field_9-error\" required><\/div><div id=\"wpforms-1713-field_4-container\" class=\"wpforms-field wpforms-field-text\" data-field-id=\"4\"><label class=\"wpforms-field-label\" for=\"wpforms-1713-field_4\">Telefonski broj <span class=\"wpforms-required-label\" aria-hidden=\"true\">*<\/span><\/label><input type=\"text\" id=\"wpforms-1713-field_4\" class=\"wpforms-field-medium wpforms-field-required\" name=\"wpforms[fields][4]\" aria-errormessage=\"wpforms-1713-field_4-error\" required><\/div><div id=\"wpforms-1713-field_1-container\" class=\"wpforms-field wpforms-field-email\" data-field-id=\"1\"><label class=\"wpforms-field-label\" for=\"wpforms-1713-field_1\">email adresa <span class=\"wpforms-required-label\" aria-hidden=\"true\">*<\/span><\/label><input type=\"email\" id=\"wpforms-1713-field_1\" class=\"wpforms-field-medium wpforms-field-required\" name=\"wpforms[fields][1]\" spellcheck=\"false\" aria-errormessage=\"wpforms-1713-field_1-error\" required><\/div><div id=\"wpforms-1713-field_3-container\" class=\"wpforms-field wpforms-field-text\" data-field-id=\"3\"><label class=\"wpforms-field-label\" for=\"wpforms-1713-field_3\">Zahtjev za razdoblje od - do (datum) <span class=\"wpforms-required-label\" aria-hidden=\"true\">*<\/span><\/label><input type=\"text\" id=\"wpforms-1713-field_3\" class=\"wpforms-field-medium wpforms-field-required\" name=\"wpforms[fields][3]\" aria-errormessage=\"wpforms-1713-field_3-error\" required><\/div><div id=\"wpforms-1713-field_6-container\" class=\"wpforms-field wpforms-field-text\" data-field-id=\"6\"><label class=\"wpforms-field-label\" for=\"wpforms-1713-field_6\">Broj odraslih \/ broj djece (do 16 godina)<\/label><input type=\"text\" id=\"wpforms-1713-field_6\" class=\"wpforms-field-medium\" name=\"wpforms[fields][6]\" aria-errormessage=\"wpforms-1713-field_6-error\" ><\/div><div id=\"wpforms-1713-field_2-container\" class=\"wpforms-field wpforms-field-textarea\" data-field-id=\"2\"><label class=\"wpforms-field-label\" for=\"wpforms-1713-field_2\">Komentar ili poruka (nije obavezno)<\/label><textarea id=\"wpforms-1713-field_2\" class=\"wpforms-field-small\" name=\"wpforms[fields][2]\" aria-errormessage=\"wpforms-1713-field_2-error\" ><\/textarea><\/div><\/div><!-- .wpforms-field-container --><div class=\"wpforms-recaptcha-container wpforms-is-recaptcha wpforms-is-recaptcha-type-v2\" ><div class=\"g-recaptcha\" data-sitekey=\"6LcCGaopAAAAABmjOnJRqs74hb2Djc9ywrNncoXd\"><\/div><input type=\"text\" name=\"g-recaptcha-hidden\" class=\"wpforms-recaptcha-hidden\" style=\"position:absolute!important;clip:rect(0,0,0,0)!important;height:1px!important;width:1px!important;border:0!important;overflow:hidden!important;padding:0!important;margin:0!important;\" data-rule-recaptcha=\"1\"><\/div><div class=\"wpforms-submit-container\" ><input type=\"hidden\" name=\"wpforms[id]\" value=\"1713\"><input type=\"hidden\" name=\"page_title\" value=\"\"><input type=\"hidden\" name=\"page_url\" value=\"https:\/\/www.postira.art\/hr\/wp-json\/wp\/v2\/pages\/1711\"><input type=\"hidden\" name=\"url_referer\" value=\"\"><button type=\"submit\" name=\"wpforms[submit]\" id=\"wpforms-submit-1713\" class=\"wpforms-submit\" data-alt-text=\"Bit \u0107e poslano...\" data-submit-text=\"Poslati\" aria-live=\"assertive\" value=\"wpforms-submit\">Poslati<\/button><img loading=\"lazy\" decoding=\"async\" src=\"https:\/\/www.postira.art\/wp-content\/plugins\/wpforms-lite\/assets\/images\/submit-spin.svg\" class=\"wpforms-submit-spinner\" style=\"display: none;\" width=\"26\" height=\"26\" alt=\"Loading\"><\/div><\/form><\/div>  <!-- .wpforms-container --><\/td>\n<\/tr>\n<\/tbody>\n<\/table>\n<div class=\"wc-shortcodes-column wc-shortcodes-content wc-shortcodes-one-half wc-shortcodes-column-first \"><\/div>\n<p><a href=\"https:\/\/www.postira.art\/\"><img loading=\"lazy\" decoding=\"async\" class=\"alignleft\" src=\"https:\/\/api.qrserver.com\/v1\/create-qr-code\/?color=000000&amp;bgcolor=FFFFFF&amp;data=Loft-Apartment+Postira%0APavi%C5%A1ica+vrtli+24%0A21410+Postira%0AE-Mail%3A+loft.apartment%40postira.art%0AWebsite%3A+www.postira.art&amp;qzone=1&amp;margin=0&amp;size=150x150&amp;ecc=L\" alt=\"QR Code\" width=\"150\" height=\"150\"><\/a><br \/>\nLoft-Apartment Postira<br \/>\nPavi\u0161ica vrtli 24<br \/>\n21410 Postira, Bra\u010d Hrvatska<br \/>\nE-Mail: <a href=\"mailto:loft.apartment@postira.art\">loft.apartment@postira.art<\/a><br \/>\nWebsite: <a href=\"http:\/\/www.postira.art\">www.postira.art<\/a><\/p>\n<p>&nbsp;<br \/>\nNapi\u0161ite Google recenziju. Skenirajte QR kod. Hvala!<br \/>\n<img loading=\"lazy\" decoding=\"async\" class=\"alignnone wp-image-2154\" src=\"https:\/\/www.postira.art\/wp-content\/uploads\/2024\/05\/qrcode_Loft-300x300.jpeg\" alt=\"\" width=\"149\" height=\"149\" srcset=\"https:\/\/www.postira.art\/wp-content\/uploads\/2024\/05\/qrcode_Loft-300x300.jpeg 300w, https:\/\/www.postira.art\/wp-content\/uploads\/2024\/05\/qrcode_Loft-150x150.jpeg 150w, https:\/\/www.postira.art\/wp-content\/uploads\/2024\/05\/qrcode_Loft.jpeg 400w\" sizes=\"auto, (max-width: 149px) 100vw, 149px\" \/><\/p>\n","protected":false},"excerpt":{"rendered":"<p>Upit za rezervaciju apartmana u potkrovlju, idealnog apartmana za odmor uz more, blizu pla\u017ee u Hrvatskoj. Idealno mjesto za va\u0161 sljede\u0107i odmor na pla\u017ei u Hrvatskoj! Loft-Apartment Postira Pavi\u0161ica vrtli 24 21410 Postira, Bra\u010d Hrvatska E-Mail: loft.apartment@postira.art Website: www.postira.art &nbsp; Napi\u0161ite Google recenziju. Skenirajte QR kod. Hvala!<\/p>\n","protected":false},"author":2,"featured_media":0,"parent":0,"menu_order":0,"comment_status":"closed","ping_status":"closed","template":"","meta":{"neve_meta_sidebar":"","neve_meta_container":"","neve_meta_enable_content_width":"off","neve_meta_content_width":100,"neve_meta_title_alignment":"","neve_meta_author_avatar":"","neve_post_elements_order":"","neve_meta_disable_header":"","neve_meta_disable_footer":"","neve_meta_disable_title":"","ngg_post_thumbnail":0,"footnotes":""},"class_list":["post-1711","page","type-page","status-publish","hentry"],"_links":{"self":[{"href":"https:\/\/www.postira.art\/hr\/wp-json\/wp\/v2\/pages\/1711","targetHints":{"allow":["GET"]}}],"collection":[{"href":"https:\/\/www.postira.art\/hr\/wp-json\/wp\/v2\/pages"}],"about":[{"href":"https:\/\/www.postira.art\/hr\/wp-json\/wp\/v2\/types\/page"}],"author":[{"embeddable":true,"href":"https:\/\/www.postira.art\/hr\/wp-json\/wp\/v2\/users\/2"}],"replies":[{"embeddable":true,"href":"https:\/\/www.postira.art\/hr\/wp-json\/wp\/v2\/comments?post=1711"}],"version-history":[{"count":12,"href":"https:\/\/www.postira.art\/hr\/wp-json\/wp\/v2\/pages\/1711\/revisions"}],"predecessor-version":[{"id":2211,"href":"https:\/\/www.postira.art\/hr\/wp-json\/wp\/v2\/pages\/1711\/revisions\/2211"}],"wp:attachment":[{"href":"https:\/\/www.postira.art\/hr\/wp-json\/wp\/v2\/media?parent=1711"}],"curies":[{"name":"wp","href":"https:\/\/api.w.org\/{rel}","templated":true}]}}