{"id":42,"date":"2023-11-09T20:14:12","date_gmt":"2023-11-09T19:14:12","guid":{"rendered":"http:\/\/bppmbrvqnr.cyon.link\/index.php\/kontakt\/"},"modified":"2025-08-12T16:13:18","modified_gmt":"2025-08-12T14:13:18","slug":"buchungskalender-preise-kontakt","status":"publish","type":"page","link":"https:\/\/www.postira.art\/cs\/buchungskalender-preise-kontakt\/","title":{"rendered":"P\u0159ehled rezervac\u00ed &#8211; Ceny"},"content":{"rendered":"<h3>P\u0159ehled rezervac\u00ed Loft-Apartment v Postire, ostrov Bra\u010d Chorv\u00e1tsko &#8211; <b>ubytov\u00e1n\u00ed chorvatsko &#8211; chorvatsko apartm\u00e1ny u mo\u0159e &#8211; chorvatsko ubytov\u00e1n\u00ed v soukrom\u00ed bez cestovky &#8211; Cyklistick\u00e1 dovolen\u00e1 &#8211; Dovolen\u00e1 pro p\u011b\u0161\u00ed turistiku<\/b><\/h3>\n<p><iframe loading=\"lazy\" style=\"border: solid 1px #777;\" src=\"https:\/\/calendar.google.com\/calendar\/embed?height=600&amp;wkst=1&amp;bgcolor=%23ffffff&amp;ctz=Europe%2FZurich&amp;src=YjMzOTJiMzRiMmMwNWJmMWU5Y2U3MjhiZjYwMmEwYWRlMjlhZjFlM2QwMmYxZDA0YWNkMDU2NzNkMWZlNGYyZEBncm91cC5jYWxlbmRhci5nb29nbGUuY29t&amp;color=%23AD1457\" width=\"1000\" height=\"500\" frameborder=\"0\" scrolling=\"no\"><\/iframe><\/p>\n<h2>Ceny 2026<\/h2>\n<h4>Mimo sez\u00f3nu (01.01. \u2013 28.06.2026 \/ 01.09. \u2013 31.12.2026): 1-2 osoby 85 \u20ac \/od 3 osoby 95 \u20ac<\/h4>\n<h4>Hlavn\u00ed sez\u00f3na (29.06. \u2013 31.08.2026): 1-2 osoby 105 \u20ac \/od 3 osoby 115 \u20ac<\/h4>\n<p><strong>Pro rezervace na 15 dn\u00ed\/noc\u00ed a del\u0161\u00ed plat\u00ed zvl\u00e1\u0161tn\u00ed denn\u00ed sazby na vy\u017e\u00e1d\u00e1n\u00ed!<\/strong><\/p>\n<hr>\n<p><strong>Turistick\u00e9 poplatky se \u00fa\u010dtuj\u00ed zvl\u00e1\u0161\u0165:<\/strong><br \/>\n<strong><strong><strong>1.50 \u20ac <\/strong><\/strong><\/strong>na osobu na jeden den v hlavn\u00ed sez\u00f3n\u011b (01.04. \u2013 30.09.)<strong><strong><br \/>\n<strong>1.00 \u20ac <\/strong><\/strong><\/strong>za osobu na jeden den mimo sez\u00f3nu (01.10. &#8211; 31.03.)<\/p>\n<h3>Podm\u00ednky<\/h3>\n<p>Ceny za noc zahrnuj\u00ed energie a vodu, lo\u017en\u00ed pr\u00e1dlo, ru\u010dn\u00edky a osu\u0161ky, WLAN, satelitn\u00ed TV, pra\u010dka zdarma, klimatizaci a parkovi\u0161t\u011b. P\u0159i dokon\u010den\u00ed rezervace je t\u0159eba slo\u017eit z\u00e1lohu ve v\u00fd\u0161i 30 % celkov\u00e9ho n\u00e1jemn\u00e9ho. Zb\u00fdvaj\u00edc\u00edch 70 % n\u00e1jemn\u00e9ho je splatn\u00fdch 10 dn\u00ed p\u0159ed za\u010d\u00e1tkem pron\u00e1jmu. V p\u0159\u00edpad\u011b zru\u0161en\u00ed rezervace plat\u00ed n\u00e1sleduj\u00edc\u00ed podm\u00ednky:<\/p>\n<ul>\n<li>4 m\u011bs\u00edce a\u017e 30 dn\u00ed p\u0159ed za\u010d\u00e1tkem pron\u00e1jmu: 30 % z ceny pron\u00e1jmu<\/li>\n<li>29 a\u017e 22 dn\u00ed: 40 % z ceny pron\u00e1jmu<\/li>\n<li>21 a\u017e 15 dn\u00ed: 60 % z ceny pron\u00e1jmu<\/li>\n<li>14 dn\u00ed a\u017e jeden den: 80 % z ceny pron\u00e1jmu<\/li>\n<li>do \u010dty\u0159 m\u011bs\u00edc\u016f p\u0159ed za\u010d\u00e1tkem pron\u00e1jmu se plat\u00ed pau\u0161\u00e1ln\u00ed poplatek za zpracov\u00e1n\u00ed ve v\u00fd\u0161i 20 \u20ac<\/li>\n<li>Minim\u00e1ln\u00ed doba pron\u00e1jmu je p\u011bt dn\u00ed\/p\u0159enocov\u00e1n\u00ed<\/li>\n<li>Check in: od 15:00 \/ Check out: 11:00<\/li>\n<li>Dom\u00e1c\u00ed zv\u00ed\u0159ata nejsou povolena<\/li>\n<li>Kou\u0159en\u00ed v podkrovn\u00edm byt\u011b nen\u00ed povoleno<\/li>\n<li>Venkovn\u00ed parkovi\u0161t\u011b zdarma<\/li>\n<li>Internet zdarma WLan<\/li>\n<li>M\u00edstn\u011b p\u0159\u00edslu\u0161n\u00e1 je obec Supetar<\/li>\n<\/ul>\n","protected":false},"excerpt":{"rendered":"<p>P\u0159ehled rezervac\u00ed Loft-Apartment v Postire, ostrov Bra\u010d Chorv\u00e1tsko &#8211; ubytov\u00e1n\u00ed chorvatsko &#8211; chorvatsko apartm\u00e1ny u mo\u0159e &#8211; chorvatsko ubytov\u00e1n\u00ed v soukrom\u00ed bez cestovky &#8211; Cyklistick\u00e1 dovolen\u00e1 &#8211; Dovolen\u00e1 pro p\u011b\u0161\u00ed turistiku Ceny 2026 Mimo sez\u00f3nu (01.01. \u2013 28.06.2026 \/ 01.09. \u2013 31.12.2026): 1-2 osoby 85 \u20ac \/od 3 osoby 95 \u20ac Hlavn\u00ed sez\u00f3na (29.06. \u2013&hellip;&nbsp;<\/p>\n","protected":false},"author":2,"featured_media":0,"parent":0,"menu_order":0,"comment_status":"closed","ping_status":"closed","template":"","meta":{"neve_meta_sidebar":"","neve_meta_container":"","neve_meta_enable_content_width":"off","neve_meta_content_width":100,"neve_meta_title_alignment":"","neve_meta_author_avatar":"","neve_post_elements_order":"","neve_meta_disable_header":"","neve_meta_disable_footer":"","neve_meta_disable_title":"","ngg_post_thumbnail":0,"footnotes":""},"class_list":["post-42","page","type-page","status-publish","hentry"],"_links":{"self":[{"href":"https:\/\/www.postira.art\/cs\/wp-json\/wp\/v2\/pages\/42","targetHints":{"allow":["GET"]}}],"collection":[{"href":"https:\/\/www.postira.art\/cs\/wp-json\/wp\/v2\/pages"}],"about":[{"href":"https:\/\/www.postira.art\/cs\/wp-json\/wp\/v2\/types\/page"}],"author":[{"embeddable":true,"href":"https:\/\/www.postira.art\/cs\/wp-json\/wp\/v2\/users\/2"}],"replies":[{"embeddable":true,"href":"https:\/\/www.postira.art\/cs\/wp-json\/wp\/v2\/comments?post=42"}],"version-history":[{"count":54,"href":"https:\/\/www.postira.art\/cs\/wp-json\/wp\/v2\/pages\/42\/revisions"}],"predecessor-version":[{"id":3124,"href":"https:\/\/www.postira.art\/cs\/wp-json\/wp\/v2\/pages\/42\/revisions\/3124"}],"wp:attachment":[{"href":"https:\/\/www.postira.art\/cs\/wp-json\/wp\/v2\/media?parent=42"}],"curies":[{"name":"wp","href":"https:\/\/api.w.org\/{rel}","templated":true}]}}