{"id":32,"date":"2023-11-09T20:13:10","date_gmt":"2023-11-09T19:13:10","guid":{"rendered":"http:\/\/bppmbrvqnr.cyon.link\/index.php\/home\/"},"modified":"2026-01-02T22:13:09","modified_gmt":"2026-01-02T21:13:09","slug":"home","status":"publish","type":"page","link":"https:\/\/www.postira.art\/cs\/","title":{"rendered":"Home Loft-Apartment"},"content":{"rendered":"<p><!--<i class=\"fa fa-wifi fa-5x\" aria-hidden=\"true\"><span data-mce-type=\"bookmark\" style=\"display: inline-block; width: 0px; overflow: hidden; line-height: 0;\" class=\"mce_SELRES_start\"><\/span><span data-mce-type=\"bookmark\" style=\"display: inline-block; width: 0px; overflow: hidden; line-height: 0;\" class=\"mce_SELRES_start\"><\/span><span data-mce-type=\"bookmark\" style=\"display: inline-block; width: 0px; overflow: hidden; line-height: 0;\" class=\"mce_SELRES_start\"><\/span><span data-mce-type=\"bookmark\" style=\"display: inline-block; width: 0px; overflow: hidden; line-height: 0;\" class=\"mce_SELRES_start\"><\/span><span data-mce-type=\"bookmark\" style=\"display: inline-block; width: 0px; overflow: hidden; line-height: 0;\" class=\"mce_SELRES_start\"><\/span><span data-mce-type=\"bookmark\" style=\"display: inline-block; width: 0px; overflow: hidden; line-height: 0;\" class=\"mce_SELRES_start\"><\/span><\/i> <i class=\"fa fa-television fa-5x\" aria-hidden=\"true\"><\/i> <i class=\"fa-solid fa-air-conditioner fa-5x\"><\/i> <i class=\"fa-solid fa-kitchen-set fa-5x\"><\/i> <i class=\"fa-solid fa-ban-smoking fa-5x\"><\/i> <i class=\"fa-solid fa-square-parking fa-5x\"><\/i>--><\/p>\n<h3 style=\"text-align: left;\">Dovolen\u00e1 Chorvatsko &#8211; dovolen\u00e1 u mo\u0159e Chorvatsko &#8211; Chorvatsko ubytov\u00e1n\u00ed v soukrom\u00ed &#8211; rezervujte p\u0159\u00edmo bez cestovn\u00ed kancel\u00e1\u0159e<\/h3>\n<h5>V\u00edtejte v rekrea\u010dn\u00edm byt\u011b u mo\u0159e, v podkrovn\u00edm byt\u011b v Posti\u0159e na ostrov\u011b Bra\u010d v Chorvatsku. Ide\u00e1ln\u00ed byt pro bezstarostnou dovolenou u mo\u0159e na va\u0161\u00ed p\u0159\u00ed\u0161t\u00ed dovolen\u00e9 v Chorvatsku. Rekrea\u010dn\u00ed byt pro rodiny s d\u011btmi, podkrovn\u00ed byt u mo\u0159e, se nach\u00e1z\u00ed p\u0159ibli\u017en\u011b 300 metr\u016f od k\u0159i\u0161\u0165\u00e1lov\u011b \u010dist\u00e9ho mo\u0159e &#8211; Bra\u010dsk\u00e9ho pr\u016flivu. Zna\u010den\u00e9 cyklotrasy a turistick\u00e9 stezky na ostrov\u011b Bra\u010d vyb\u00edzej\u00ed k aktivit\u011b na za\u010d\u00e1tku l\u00e9ta a na podzim p\u0159i p\u0159\u00edjemn\u00fdch teplot\u00e1ch. Ide\u00e1ln\u00ed pro pohodovou a rodinnou dovolenou v Chorvatsku.<\/h5>\n<p>Centrum m\u011bsta Postira s malebnou pob\u0159e\u017en\u00ed promen\u00e1dou Riva, r\u016fzn\u00fdmi n\u00e1kupn\u00edmi mo\u017enostmi, kav\u00e1rnami a rozmanit\u00fdmi restauracemi je vzd\u00e1leno cca 350 metr\u016f po pohodln\u00e9 p\u011b\u0161\u00ed stezce. Ide\u00e1ln\u00ed m\u00edsto pro str\u00e1ven\u00ed p\u0159\u00ed\u0161t\u00ed dovolen\u00e9 u mo\u0159e v Chorvatsku v soukrom\u00e9m ubytov\u00e1n\u00ed u mo\u0159e. Dal\u0161\u00ed informace o pr\u00e1zdninov\u00e9m byt\u011b v podkrov\u00ed s pln\u011b vybavenou novou kuchyn\u00ed (s mraz\u00e1kem a lednic\u00ed), bezplatn\u00fdm p\u0159ipojen\u00edm k internetu (WiFi), TV, pra\u010dka v nov\u00e9 koupeln\u011ba a parkov\u00e1n\u00edm zdarma naleznete <a href=\"https:\/\/www.postira.art\/cs\/informace\/\">zde<\/a>.<\/p>\nngg_shortcode_0_placeholder\n<p style=\"padding-left: 80px;\"><iframe loading=\"lazy\" style=\"border: 0;\" src=\"https:\/\/www.google.com\/maps\/embed?pb=!1m16!1m12!1m3!1d1450.0215841492532!2d16.63184925850555!3d43.376121412734435!2m3!1f0!2f0!3f0!3m2!1i1024!2i768!4f13.1!2m1!1sloft-apartment%20postira!5e0!3m2!1sde!2scz!4v1703280675414!5m2!1sde!2scz\" width=\"980\" height=\"400\" allowfullscreen=\"allowfullscreen\"><\/iframe><\/p>\n<p>&nbsp;<br \/>\n<img loading=\"lazy\" decoding=\"async\" class=\"wp-image-1479 aligncenter\" src=\"https:\/\/www.postira.art\/wp-content\/uploads\/2024\/03\/Bildschirmfoto-2024-03-20-um-23.03.16-300x41.png\" alt=\"\" width=\"417\" height=\"57\"><\/p>\n","protected":false},"excerpt":{"rendered":"<p>Dovolen\u00e1 Chorvatsko &#8211; dovolen\u00e1 u mo\u0159e Chorvatsko &#8211; Chorvatsko ubytov\u00e1n\u00ed v soukrom\u00ed &#8211; rezervujte p\u0159\u00edmo bez cestovn\u00ed kancel\u00e1\u0159e V\u00edtejte v rekrea\u010dn\u00edm byt\u011b u mo\u0159e, v podkrovn\u00edm byt\u011b v Posti\u0159e na ostrov\u011b Bra\u010d v Chorvatsku. Ide\u00e1ln\u00ed byt pro bezstarostnou dovolenou u mo\u0159e na va\u0161\u00ed p\u0159\u00ed\u0161t\u00ed dovolen\u00e9 v Chorvatsku. Rekrea\u010dn\u00ed byt pro rodiny s d\u011btmi, podkrovn\u00ed byt&hellip;&nbsp;<\/p>\n","protected":false},"author":1,"featured_media":0,"parent":0,"menu_order":0,"comment_status":"closed","ping_status":"closed","template":"","meta":{"neve_meta_sidebar":"","neve_meta_container":"","neve_meta_enable_content_width":"off","neve_meta_content_width":100,"neve_meta_title_alignment":"","neve_meta_author_avatar":"","neve_post_elements_order":"","neve_meta_disable_header":"","neve_meta_disable_footer":"","neve_meta_disable_title":"on","ngg_post_thumbnail":0,"footnotes":""},"class_list":["post-32","page","type-page","status-publish","hentry"],"_links":{"self":[{"href":"https:\/\/www.postira.art\/cs\/wp-json\/wp\/v2\/pages\/32","targetHints":{"allow":["GET"]}}],"collection":[{"href":"https:\/\/www.postira.art\/cs\/wp-json\/wp\/v2\/pages"}],"about":[{"href":"https:\/\/www.postira.art\/cs\/wp-json\/wp\/v2\/types\/page"}],"author":[{"embeddable":true,"href":"https:\/\/www.postira.art\/cs\/wp-json\/wp\/v2\/users\/1"}],"replies":[{"embeddable":true,"href":"https:\/\/www.postira.art\/cs\/wp-json\/wp\/v2\/comments?post=32"}],"version-history":[{"count":23,"href":"https:\/\/www.postira.art\/cs\/wp-json\/wp\/v2\/pages\/32\/revisions"}],"predecessor-version":[{"id":3431,"href":"https:\/\/www.postira.art\/cs\/wp-json\/wp\/v2\/pages\/32\/revisions\/3431"}],"wp:attachment":[{"href":"https:\/\/www.postira.art\/cs\/wp-json\/wp\/v2\/media?parent=32"}],"curies":[{"name":"wp","href":"https:\/\/api.w.org\/{rel}","templated":true}]}}