{"id":1725,"date":"2024-03-29T21:31:10","date_gmt":"2024-03-29T20:31:10","guid":{"rendered":"https:\/\/www.postira.art\/?page_id=1725"},"modified":"2025-08-27T12:58:38","modified_gmt":"2025-08-27T10:58:38","slug":"kontakt","status":"publish","type":"page","link":"https:\/\/www.postira.art\/cs\/kontakt\/","title":{"rendered":"Kontakt"},"content":{"rendered":"<style id=\"wpforms-css-vars-1729\">\n\t\t\t\t#wpforms-1729 {\n\t\t\t\t\n\t\t\t}\n\t\t\t<\/style><div class=\"wpforms-container wpforms-container-full wpforms-render-modern\" id=\"wpforms-1729\"><form id=\"wpforms-form-1729\" class=\"wpforms-validate wpforms-form wpforms-ajax-form\" data-formid=\"1729\" method=\"post\" enctype=\"multipart\/form-data\" action=\"\/cs\/wp-json\/wp\/v2\/pages\/1725\" data-token=\"3f0cb87733a561e7167f75781ae7aeca\" data-token-time=\"1777528621\"><noscript class=\"wpforms-error-noscript\">Chcete-li vyplnit tento formul\u00e1\u0159, pros\u00edm povolte v prohl\u00ed\u017ee\u010di JavaScript.<\/noscript><div id=\"wpforms-error-noscript\" style=\"display: none;\">Chcete-li vyplnit tento formul\u00e1\u0159, pros\u00edm povolte v prohl\u00ed\u017ee\u010di JavaScript.<\/div><div class=\"wpforms-field-container\"><div id=\"wpforms-1729-field_5-container\" class=\"wpforms-field wpforms-field-text\" data-field-id=\"5\"><label class=\"wpforms-field-label\" for=\"wpforms-1729-field_5\">D\u016fvod dotazu na rezervaci Loft-Apartment Postira <span class=\"wpforms-required-label\" aria-hidden=\"true\">*<\/span><\/label><input type=\"text\" id=\"wpforms-1729-field_5\" class=\"wpforms-field-medium wpforms-field-required\" name=\"wpforms[fields][5]\" aria-errormessage=\"wpforms-1729-field_5-error\" required><\/div><div id=\"wpforms-1729-field_0-container\" class=\"wpforms-field wpforms-field-name\" data-field-id=\"0\"><label class=\"wpforms-field-label\" for=\"wpforms-1729-field_0\">P\u0159\u00edjmen\u00ed \/ jm\u00e9no <span class=\"wpforms-required-label\" aria-hidden=\"true\">*<\/span><\/label><input type=\"text\" id=\"wpforms-1729-field_0\" class=\"wpforms-field-medium wpforms-field-required\" name=\"wpforms[fields][0]\" aria-errormessage=\"wpforms-1729-field_0-error\" required><\/div><div id=\"wpforms-1729-field_8-container\" class=\"wpforms-field wpforms-field-text\" data-field-id=\"8\"><label class=\"wpforms-field-label\" for=\"wpforms-1729-field_8\">Adresa bydli\u0161t\u011b \/ PS\u010c \/ m\u011bsto \/ zem\u011b <span class=\"wpforms-required-label\" aria-hidden=\"true\">*<\/span><\/label><input type=\"text\" id=\"wpforms-1729-field_8\" class=\"wpforms-field-medium wpforms-field-required\" name=\"wpforms[fields][8]\" aria-errormessage=\"wpforms-1729-field_8-error\" required><\/div><div id=\"wpforms-1729-field_4-container\" class=\"wpforms-field wpforms-field-text\" data-field-id=\"4\"><label class=\"wpforms-field-label\" for=\"wpforms-1729-field_4\">Telefonn\u00ed \u010d\u00edslo <span class=\"wpforms-required-label\" aria-hidden=\"true\">*<\/span><\/label><input type=\"text\" id=\"wpforms-1729-field_4\" class=\"wpforms-field-medium wpforms-field-required\" name=\"wpforms[fields][4]\" aria-errormessage=\"wpforms-1729-field_4-error\" required><\/div><div id=\"wpforms-1729-field_1-container\" class=\"wpforms-field wpforms-field-email\" data-field-id=\"1\"><label class=\"wpforms-field-label\" for=\"wpforms-1729-field_1\">E-mailov\u00e1 adresa <span class=\"wpforms-required-label\" aria-hidden=\"true\">*<\/span><\/label><input type=\"email\" id=\"wpforms-1729-field_1\" class=\"wpforms-field-medium wpforms-field-required\" name=\"wpforms[fields][1]\" spellcheck=\"false\" aria-errormessage=\"wpforms-1729-field_1-error\" required><\/div><div id=\"wpforms-1729-field_3-container\" class=\"wpforms-field wpforms-field-text\" data-field-id=\"3\"><label class=\"wpforms-field-label\" for=\"wpforms-1729-field_3\">Dotaz na rezervaci na obdob\u00ed od (datum) <span class=\"wpforms-required-label\" aria-hidden=\"true\">*<\/span><\/label><input type=\"text\" id=\"wpforms-1729-field_3\" class=\"wpforms-field-medium wpforms-field-required\" name=\"wpforms[fields][3]\" aria-errormessage=\"wpforms-1729-field_3-error\" required><\/div><div id=\"wpforms-1729-field_6-container\" class=\"wpforms-field wpforms-field-text\" data-field-id=\"6\"><label class=\"wpforms-field-label\" for=\"wpforms-1729-field_6\">Po\u010det dosp\u011bl\u00fdch \/ po\u010det d\u011bt\u00ed (do 16 let) <span class=\"wpforms-required-label\" aria-hidden=\"true\">*<\/span><\/label><input type=\"text\" id=\"wpforms-1729-field_6\" class=\"wpforms-field-medium wpforms-field-required\" name=\"wpforms[fields][6]\" aria-errormessage=\"wpforms-1729-field_6-error\" required><\/div><div id=\"wpforms-1729-field_2-container\" class=\"wpforms-field wpforms-field-textarea\" data-field-id=\"2\"><label class=\"wpforms-field-label\" for=\"wpforms-1729-field_2\">Koment\u00e1\u0159 nebo zpr\u00e1va (nepovinn\u00e9)<\/label><textarea id=\"wpforms-1729-field_2\" class=\"wpforms-field-small\" name=\"wpforms[fields][2]\" aria-errormessage=\"wpforms-1729-field_2-error\" ><\/textarea><\/div><\/div><!-- .wpforms-field-container --><div class=\"wpforms-recaptcha-container wpforms-is-recaptcha wpforms-is-recaptcha-type-v2\" ><div class=\"g-recaptcha\" data-sitekey=\"6LcCGaopAAAAABmjOnJRqs74hb2Djc9ywrNncoXd\"><\/div><input type=\"text\" name=\"g-recaptcha-hidden\" class=\"wpforms-recaptcha-hidden\" style=\"position:absolute!important;clip:rect(0,0,0,0)!important;height:1px!important;width:1px!important;border:0!important;overflow:hidden!important;padding:0!important;margin:0!important;\" data-rule-recaptcha=\"1\"><\/div><div class=\"wpforms-submit-container\" ><input type=\"hidden\" name=\"wpforms[id]\" value=\"1729\"><input type=\"hidden\" name=\"page_title\" value=\"\"><input type=\"hidden\" name=\"page_url\" value=\"https:\/\/www.postira.art\/cs\/wp-json\/wp\/v2\/pages\/1725\"><input type=\"hidden\" name=\"url_referer\" value=\"\"><button type=\"submit\" name=\"wpforms[submit]\" id=\"wpforms-submit-1729\" class=\"wpforms-submit\" data-alt-text=\"Bude zasl\u00e1no ...\" data-submit-text=\"Odeslat\" aria-live=\"assertive\" value=\"wpforms-submit\">Odeslat<\/button><img loading=\"lazy\" decoding=\"async\" src=\"https:\/\/www.postira.art\/wp-content\/plugins\/wpforms-lite\/assets\/images\/submit-spin.svg\" class=\"wpforms-submit-spinner\" style=\"display: none;\" width=\"26\" height=\"26\" alt=\"Na\u010d\u00edt\u00e1n\u00ed\"><\/div><\/form><\/div>  <!-- .wpforms-container -->\n<div class=\"wc-shortcodes-column wc-shortcodes-content wc-shortcodes-one-half wc-shortcodes-column-first \"><\/div>\n<p><a href=\"https:\/\/www.postira.art\/\"><img loading=\"lazy\" decoding=\"async\" class=\"alignleft\" src=\"https:\/\/api.qrserver.com\/v1\/create-qr-code\/?color=000000&amp;bgcolor=FFFFFF&amp;data=Loft-Apartment+Postira%0APavi%C5%A1ica+vrtli+24%0A21410+Postira%0AE-Mail%3A+loft.apartment%40postira.art%0AWebsite%3A+www.postira.art&amp;qzone=1&amp;margin=0&amp;size=150x150&amp;ecc=L\" alt=\"QR Code\" width=\"150\" height=\"150\"><\/a><br \/>\nLoft-Apartment Postira<br \/>\nPavi\u0161ica vrtli 24<br \/>\n21410 Postira, Otok Bra\u010d, Hrvatska<br \/>\nE-Mail: <a href=\"mailto:loft.apartment@postira.art\">loft.apartment@postira.art<\/a><br \/>\nWebsite: <a href=\"http:\/\/www.postira.art\">www.postira.art<\/a><\/p>\n<p>&nbsp;<\/p>\n<p>Zadejte recenzi <a href=\"https:\/\/g.page\/r\/CcyuWkuB_EmDEBM\/review\">Google<\/a>. Naskenujte QR k\u00f3d. D\u011bkujeme!<\/p>\n<p><a href=\"https:\/\/g.page\/r\/CcyuWkuB_EmDEBM\/review\"><img loading=\"lazy\" decoding=\"async\" class=\"alignleft wp-image-3165\" src=\"https:\/\/www.postira.art\/wp-content\/uploads\/2025\/08\/qrcode_www.google.com_-300x300.png\" alt=\"QR-Code Google Rezension\" width=\"202\" height=\"202\" srcset=\"https:\/\/www.postira.art\/wp-content\/uploads\/2025\/08\/qrcode_www.google.com_-300x300.png 300w, https:\/\/www.postira.art\/wp-content\/uploads\/2025\/08\/qrcode_www.google.com_-150x150.png 150w, https:\/\/www.postira.art\/wp-content\/uploads\/2025\/08\/qrcode_www.google.com_.png 730w\" sizes=\"auto, (max-width: 202px) 100vw, 202px\" \/><\/a><\/p>\n","protected":false},"excerpt":{"rendered":"<p>Loft-Apartment Postira Pavi\u0161ica vrtli 24 21410 Postira, Otok Bra\u010d, Hrvatska E-Mail: loft.apartment@postira.art Website: www.postira.art &nbsp; Zadejte recenzi Google. Naskenujte QR k\u00f3d. D\u011bkujeme!<\/p>\n","protected":false},"author":2,"featured_media":0,"parent":0,"menu_order":0,"comment_status":"closed","ping_status":"closed","template":"","meta":{"neve_meta_sidebar":"","neve_meta_container":"","neve_meta_enable_content_width":"off","neve_meta_content_width":100,"neve_meta_title_alignment":"","neve_meta_author_avatar":"","neve_post_elements_order":"","neve_meta_disable_header":"","neve_meta_disable_footer":"","neve_meta_disable_title":"","ngg_post_thumbnail":0,"footnotes":""},"class_list":["post-1725","page","type-page","status-publish","hentry"],"_links":{"self":[{"href":"https:\/\/www.postira.art\/cs\/wp-json\/wp\/v2\/pages\/1725","targetHints":{"allow":["GET"]}}],"collection":[{"href":"https:\/\/www.postira.art\/cs\/wp-json\/wp\/v2\/pages"}],"about":[{"href":"https:\/\/www.postira.art\/cs\/wp-json\/wp\/v2\/types\/page"}],"author":[{"embeddable":true,"href":"https:\/\/www.postira.art\/cs\/wp-json\/wp\/v2\/users\/2"}],"replies":[{"embeddable":true,"href":"https:\/\/www.postira.art\/cs\/wp-json\/wp\/v2\/comments?post=1725"}],"version-history":[{"count":16,"href":"https:\/\/www.postira.art\/cs\/wp-json\/wp\/v2\/pages\/1725\/revisions"}],"predecessor-version":[{"id":3172,"href":"https:\/\/www.postira.art\/cs\/wp-json\/wp\/v2\/pages\/1725\/revisions\/3172"}],"wp:attachment":[{"href":"https:\/\/www.postira.art\/cs\/wp-json\/wp\/v2\/media?parent=1725"}],"curies":[{"name":"wp","href":"https:\/\/api.w.org\/{rel}","templated":true}]}}